{"id":107,"date":"2018-02-02T10:48:56","date_gmt":"2018-02-02T09:48:56","guid":{"rendered":"https:\/\/www.treptech.ch\/?page_id=107"},"modified":"2018-02-02T10:48:56","modified_gmt":"2018-02-02T09:48:56","slug":"escalier-de-secours","status":"publish","type":"page","link":"https:\/\/www.treptech.ch\/fr\/escalier-de-secours\/","title":{"rendered":"Escalier de secours"},"content":{"rendered":"\n<style type=\"text\/css\" data-created_by=\"avia_inline_auto\" id=\"style-css-av-av_image-fcfaf83fa24ec1e65f24d6447716172d\">\n.avia-image-container.av-av_image-fcfaf83fa24ec1e65f24d6447716172d img.avia_image{\nbox-shadow:none;\n}\n.avia-image-container.av-av_image-fcfaf83fa24ec1e65f24d6447716172d .av-image-caption-overlay-center{\ncolor:#ffffff;\n}\n<\/style>\n<div  class='avia-image-container av-av_image-fcfaf83fa24ec1e65f24d6447716172d av-styling- avia-align-left  avia-builder-el-0  el_before_av_textblock  avia-builder-el-first '   itemprop=\"image\" itemscope=\"itemscope\" itemtype=\"https:\/\/schema.org\/ImageObject\" ><div class=\"avia-image-container-inner\"><div class=\"avia-image-overlay-wrap\"><img fetchpriority=\"high\" class='wp-image-375 avia-img-lazy-loading-not-375 avia_image ' src='https:\/\/www.treptech.ch\/wp-content\/uploads\/2018\/01\/Aussentreppe-Liebherr.jpg' alt='' title='Aussentreppe-Liebherr'  height=\"300\" width=\"700\"  itemprop=\"thumbnailUrl\"  \/><\/div><\/div><\/div>\n<section  class='av_textblock_section av-av_textblock-2de302bf1aa3cf4c9157dbe6f50ac7eb '   itemscope=\"itemscope\" itemtype=\"https:\/\/schema.org\/CreativeWork\" ><div class='avia_textblock'  itemprop=\"text\" ><p>Ces escaliers sont utilis\u00e9s dans des grands b\u00e2timents pour pr\u00e9voir l&rsquo;\u00e9vacuation d&rsquo;un grand nombre de personnes. Les marches doivent souvent pr\u00e9senter un emmarchement de 1,2 m\u00e8tres.<\/p>\n<\/div><\/section>\n\n<style type=\"text\/css\" data-created_by=\"avia_inline_auto\" id=\"style-css-av-av_image-bdaf16359ec28be55316da80f1ebbcd3\">\n.avia-image-container.av-av_image-bdaf16359ec28be55316da80f1ebbcd3 img.avia_image{\nbox-shadow:none;\n}\n.avia-image-container.av-av_image-bdaf16359ec28be55316da80f1ebbcd3 .av-image-caption-overlay-center{\ncolor:#ffffff;\n}\n<\/style>\n<div  class='avia-image-container av-av_image-bdaf16359ec28be55316da80f1ebbcd3 av-styling- av-hover-grow av-img-linked avia-align-left  avia-builder-el-2  el_after_av_textblock  avia-builder-el-last '   itemprop=\"image\" itemscope=\"itemscope\" itemtype=\"https:\/\/schema.org\/ImageObject\" ><div class=\"avia-image-container-inner\"><div class=\"avia-image-overlay-wrap\"><a href=\"https:\/\/www.treptech.ch\/wp-content\/uploads\/2018\/02\/Aussentreppe-Liebherr.jpg\" class='avia_image '  aria-label='Aussentreppe-Liebherr'><img fetchpriority=\"high\" class='wp-image-386 avia-img-lazy-loading-not-386 avia_image ' src='https:\/\/www.treptech.ch\/wp-content\/uploads\/2018\/02\/Aussentreppe-Liebherr-225x300.jpg' alt='' title='Aussentreppe-Liebherr'  height=\"300\" width=\"225\"  itemprop=\"thumbnailUrl\"  \/><\/a><\/div><\/div><\/div>\n","protected":false},"excerpt":{"rendered":"","protected":false},"author":1,"featured_media":0,"parent":0,"menu_order":0,"comment_status":"closed","ping_status":"closed","template":"","meta":{"footnotes":""},"class_list":["post-107","page","type-page","status-publish","hentry"],"_links":{"self":[{"href":"https:\/\/www.treptech.ch\/fr\/wp-json\/wp\/v2\/pages\/107","targetHints":{"allow":["GET"]}}],"collection":[{"href":"https:\/\/www.treptech.ch\/fr\/wp-json\/wp\/v2\/pages"}],"about":[{"href":"https:\/\/www.treptech.ch\/fr\/wp-json\/wp\/v2\/types\/page"}],"author":[{"embeddable":true,"href":"https:\/\/www.treptech.ch\/fr\/wp-json\/wp\/v2\/users\/1"}],"replies":[{"embeddable":true,"href":"https:\/\/www.treptech.ch\/fr\/wp-json\/wp\/v2\/comments?post=107"}],"version-history":[{"count":2,"href":"https:\/\/www.treptech.ch\/fr\/wp-json\/wp\/v2\/pages\/107\/revisions"}],"predecessor-version":[{"id":112,"href":"https:\/\/www.treptech.ch\/fr\/wp-json\/wp\/v2\/pages\/107\/revisions\/112"}],"wp:attachment":[{"href":"https:\/\/www.treptech.ch\/fr\/wp-json\/wp\/v2\/media?parent=107"}],"curies":[{"name":"wp","href":"https:\/\/api.w.org\/{rel}","templated":true}]}}