{"id":117,"date":"2018-02-02T10:55:23","date_gmt":"2018-02-02T09:55:23","guid":{"rendered":"https:\/\/www.treptech.ch\/?page_id=117"},"modified":"2018-02-02T10:55:23","modified_gmt":"2018-02-02T09:55:23","slug":"escalier-dincendie","status":"publish","type":"page","link":"https:\/\/www.treptech.ch\/fr\/escalier-dincendie\/","title":{"rendered":"Escalier d&rsquo;incendie"},"content":{"rendered":"\n<style type=\"text\/css\" data-created_by=\"avia_inline_auto\" id=\"style-css-av-av_image-c456b73b48062f8eeaee0d86fb9b8050\">\n.avia-image-container.av-av_image-c456b73b48062f8eeaee0d86fb9b8050 img.avia_image{\nbox-shadow:none;\n}\n.avia-image-container.av-av_image-c456b73b48062f8eeaee0d86fb9b8050 .av-image-caption-overlay-center{\ncolor:#ffffff;\n}\n<\/style>\n<div  class='avia-image-container av-av_image-c456b73b48062f8eeaee0d86fb9b8050 av-styling- avia-align-left  avia-builder-el-0  el_before_av_textblock  avia-builder-el-first '   itemprop=\"image\" itemscope=\"itemscope\" itemtype=\"https:\/\/schema.org\/ImageObject\" ><div class=\"avia-image-container-inner\"><div class=\"avia-image-overlay-wrap\"><img fetchpriority=\"high\" class='wp-image-379 avia-img-lazy-loading-not-379 avia_image ' src='https:\/\/www.treptech.ch\/wp-content\/uploads\/2018\/01\/ikea.jpg' alt='' title='ikea'  height=\"300\" width=\"700\"  itemprop=\"thumbnailUrl\"  \/><\/div><\/div><\/div>\n<section  class='av_textblock_section av-av_textblock-2de302bf1aa3cf4c9157dbe6f50ac7eb '   itemscope=\"itemscope\" itemtype=\"https:\/\/schema.org\/CreativeWork\" ><div class='avia_textblock'  itemprop=\"text\" ><p>L\u2019escalier en m\u00e9tal avec rev\u00eatement en grilles caillebotis, le tout zingu\u00e9 au feu, est appropri\u00e9 pour l\u2019usage \u00e0 l\u2019ext\u00e9rieur. Pour beaucoup de b\u00e2timents c\u2019est une obligation d\u2019avoir un escalier de secou<\/p>\n<\/div><\/section>\n\n<style type=\"text\/css\" data-created_by=\"avia_inline_auto\" id=\"style-css-av-av_image-d2bf425c708856048e2daeda4effd6fa\">\n.avia-image-container.av-av_image-d2bf425c708856048e2daeda4effd6fa img.avia_image{\nbox-shadow:none;\n}\n.avia-image-container.av-av_image-d2bf425c708856048e2daeda4effd6fa .av-image-caption-overlay-center{\ncolor:#ffffff;\n}\n<\/style>\n<div  class='avia-image-container av-av_image-d2bf425c708856048e2daeda4effd6fa av-styling- av-hover-grow av-img-linked avia-align-left  avia-builder-el-2  el_after_av_textblock  el_before_av_hr '   itemprop=\"image\" itemscope=\"itemscope\" itemtype=\"https:\/\/schema.org\/ImageObject\" ><div class=\"avia-image-container-inner\"><div class=\"avia-image-overlay-wrap\"><a href=\"https:\/\/www.treptech.ch\/wp-content\/uploads\/2018\/02\/ikea-fluchttreppe.jpg\" class='avia_image '  aria-label='ikea-fluchttreppe'><img fetchpriority=\"high\" class='wp-image-387 avia-img-lazy-loading-not-387 avia_image ' src='https:\/\/www.treptech.ch\/wp-content\/uploads\/2018\/02\/ikea-fluchttreppe-300x225.jpg' alt='' title='ikea-fluchttreppe'  height=\"225\" width=\"300\"  itemprop=\"thumbnailUrl\"  \/><\/a><\/div><\/div><\/div>\n","protected":false},"excerpt":{"rendered":"","protected":false},"author":1,"featured_media":0,"parent":0,"menu_order":0,"comment_status":"closed","ping_status":"closed","template":"","meta":{"footnotes":""},"class_list":["post-117","page","type-page","status-publish","hentry"],"_links":{"self":[{"href":"https:\/\/www.treptech.ch\/fr\/wp-json\/wp\/v2\/pages\/117","targetHints":{"allow":["GET"]}}],"collection":[{"href":"https:\/\/www.treptech.ch\/fr\/wp-json\/wp\/v2\/pages"}],"about":[{"href":"https:\/\/www.treptech.ch\/fr\/wp-json\/wp\/v2\/types\/page"}],"author":[{"embeddable":true,"href":"https:\/\/www.treptech.ch\/fr\/wp-json\/wp\/v2\/users\/1"}],"replies":[{"embeddable":true,"href":"https:\/\/www.treptech.ch\/fr\/wp-json\/wp\/v2\/comments?post=117"}],"version-history":[{"count":2,"href":"https:\/\/www.treptech.ch\/fr\/wp-json\/wp\/v2\/pages\/117\/revisions"}],"predecessor-version":[{"id":120,"href":"https:\/\/www.treptech.ch\/fr\/wp-json\/wp\/v2\/pages\/117\/revisions\/120"}],"wp:attachment":[{"href":"https:\/\/www.treptech.ch\/fr\/wp-json\/wp\/v2\/media?parent=117"}],"curies":[{"name":"wp","href":"https:\/\/api.w.org\/{rel}","templated":true}]}}