{"id":137,"date":"2018-02-02T11:25:03","date_gmt":"2018-02-02T10:25:03","guid":{"rendered":"https:\/\/www.treptech.ch\/?page_id=137"},"modified":"2018-02-02T11:25:03","modified_gmt":"2018-02-02T10:25:03","slug":"escalier-droit","status":"publish","type":"page","link":"https:\/\/www.treptech.ch\/fr\/escalier-droit\/","title":{"rendered":"Escalier droit"},"content":{"rendered":"\n<style type=\"text\/css\" data-created_by=\"avia_inline_auto\" id=\"style-css-av-av_image-1492ebd61fd2639911acb98b9e3cfa1a\">\n.avia-image-container.av-av_image-1492ebd61fd2639911acb98b9e3cfa1a img.avia_image{\nbox-shadow:none;\n}\n.avia-image-container.av-av_image-1492ebd61fd2639911acb98b9e3cfa1a .av-image-caption-overlay-center{\ncolor:#ffffff;\n}\n<\/style>\n<div  class='avia-image-container av-av_image-1492ebd61fd2639911acb98b9e3cfa1a av-styling- avia-align-left  avia-builder-el-0  el_before_av_textblock  avia-builder-el-first '   itemprop=\"image\" itemscope=\"itemscope\" itemtype=\"https:\/\/schema.org\/ImageObject\" ><div class=\"avia-image-container-inner\"><div class=\"avia-image-overlay-wrap\"><img fetchpriority=\"high\" class='wp-image-378 avia-img-lazy-loading-not-378 avia_image ' src='https:\/\/www.treptech.ch\/wp-content\/uploads\/2018\/01\/gerade_treppe_zweifel.jpg' alt='' title='gerade_treppe_zweifel'  height=\"306\" width=\"700\"  itemprop=\"thumbnailUrl\"  \/><\/div><\/div><\/div>\n<section  class='av_textblock_section av-av_textblock-2de302bf1aa3cf4c9157dbe6f50ac7eb '   itemscope=\"itemscope\" itemtype=\"https:\/\/schema.org\/CreativeWork\" ><div class='avia_textblock'  itemprop=\"text\" ><p>La construction compacte en acier des escaliers droits a bien souvent quelque chose de fascinant. Un escalier peut \u00eatre rattach\u00e9 au b\u00e2timent en tant qu&rsquo;unit\u00e9 simple et autonome avec des structures de sout\u00e8nement massives et compactes.<\/p>\n<p>Escalier Droit: Garde-Corps de type C1 Revetement en caillebotis maille MW 30 x 30 mm<\/p>\n<\/div><\/section>\n\n<style type=\"text\/css\" data-created_by=\"avia_inline_auto\" id=\"style-css-av-av_image-3d4658d8654973d5989f95698fa64b56\">\n.avia-image-container.av-av_image-3d4658d8654973d5989f95698fa64b56 img.avia_image{\nbox-shadow:none;\n}\n.avia-image-container.av-av_image-3d4658d8654973d5989f95698fa64b56 .av-image-caption-overlay-center{\ncolor:#ffffff;\n}\n<\/style>\n<div  class='avia-image-container av-av_image-3d4658d8654973d5989f95698fa64b56 av-styling- av-hover-grow av-img-linked avia-align-left  avia-builder-el-2  el_after_av_textblock  el_before_av_hr '   itemprop=\"image\" itemscope=\"itemscope\" itemtype=\"https:\/\/schema.org\/ImageObject\" ><div class=\"avia-image-container-inner\"><div class=\"avia-image-overlay-wrap\"><a href=\"https:\/\/www.treptech.ch\/wp-content\/uploads\/2018\/02\/Gerade_Treppe_Zweifel.jpg\" class='avia_image '  aria-label='Gerade_Treppe_Zweifel'><img fetchpriority=\"high\" class='wp-image-389 avia-img-lazy-loading-not-389 avia_image ' src='https:\/\/www.treptech.ch\/wp-content\/uploads\/2018\/02\/Gerade_Treppe_Zweifel-212x300.jpg' alt='' title='Gerade_Treppe_Zweifel'  height=\"300\" width=\"212\"  itemprop=\"thumbnailUrl\"  \/><\/a><\/div><\/div><\/div>\n\n<style type=\"text\/css\" data-created_by=\"avia_inline_auto\" id=\"style-css-av-av_hr-4474f20d2389e2e5ecf918a02da5132e\">\n#top .hr.hr-invisible.av-av_hr-4474f20d2389e2e5ecf918a02da5132e{\nheight:50px;\n}\n<\/style>\n<div  class='hr av-av_hr-4474f20d2389e2e5ecf918a02da5132e hr-invisible  avia-builder-el-3  el_after_av_image  avia-builder-el-last '><span class='hr-inner '><span class=\"hr-inner-style\"><\/span><\/span><\/div>\n","protected":false},"excerpt":{"rendered":"","protected":false},"author":1,"featured_media":0,"parent":0,"menu_order":0,"comment_status":"closed","ping_status":"closed","template":"","meta":{"footnotes":""},"class_list":["post-137","page","type-page","status-publish","hentry"],"_links":{"self":[{"href":"https:\/\/www.treptech.ch\/fr\/wp-json\/wp\/v2\/pages\/137","targetHints":{"allow":["GET"]}}],"collection":[{"href":"https:\/\/www.treptech.ch\/fr\/wp-json\/wp\/v2\/pages"}],"about":[{"href":"https:\/\/www.treptech.ch\/fr\/wp-json\/wp\/v2\/types\/page"}],"author":[{"embeddable":true,"href":"https:\/\/www.treptech.ch\/fr\/wp-json\/wp\/v2\/users\/1"}],"replies":[{"embeddable":true,"href":"https:\/\/www.treptech.ch\/fr\/wp-json\/wp\/v2\/comments?post=137"}],"version-history":[{"count":2,"href":"https:\/\/www.treptech.ch\/fr\/wp-json\/wp\/v2\/pages\/137\/revisions"}],"predecessor-version":[{"id":140,"href":"https:\/\/www.treptech.ch\/fr\/wp-json\/wp\/v2\/pages\/137\/revisions\/140"}],"wp:attachment":[{"href":"https:\/\/www.treptech.ch\/fr\/wp-json\/wp\/v2\/media?parent=137"}],"curies":[{"name":"wp","href":"https:\/\/api.w.org\/{rel}","templated":true}]}}