{"id":144,"date":"2018-02-02T11:33:22","date_gmt":"2018-02-02T10:33:22","guid":{"rendered":"https:\/\/www.treptech.ch\/?page_id=144"},"modified":"2018-02-02T11:40:27","modified_gmt":"2018-02-02T10:40:27","slug":"realisations-speciales","status":"publish","type":"page","link":"https:\/\/www.treptech.ch\/fr\/realisations-speciales\/","title":{"rendered":"R\u00e9alisations sp\u00e9ciales"},"content":{"rendered":"\n<style type=\"text\/css\" data-created_by=\"avia_inline_auto\" id=\"style-css-av-av_image-01defa22da026c6fdabaee8927772b94\">\n.avia-image-container.av-av_image-01defa22da026c6fdabaee8927772b94 img.avia_image{\nbox-shadow:none;\n}\n.avia-image-container.av-av_image-01defa22da026c6fdabaee8927772b94 .av-image-caption-overlay-center{\ncolor:#ffffff;\n}\n<\/style>\n<div  class='avia-image-container av-av_image-01defa22da026c6fdabaee8927772b94 av-styling- avia-align-left  avia-builder-el-0  el_before_av_textblock  avia-builder-el-first '   itemprop=\"image\" itemscope=\"itemscope\" itemtype=\"https:\/\/schema.org\/ImageObject\" ><div class=\"avia-image-container-inner\"><div class=\"avia-image-overlay-wrap\"><img fetchpriority=\"high\" class='wp-image-390 avia-img-lazy-loading-not-390 avia_image ' src='https:\/\/www.treptech.ch\/wp-content\/uploads\/2018\/02\/Sonderkonstruktion-2.png' alt='' title='Sonderkonstruktion-2'  height=\"468\" width=\"1093\"  itemprop=\"thumbnailUrl\"  \/><\/div><\/div><\/div>\n<section  class='av_textblock_section av-av_textblock-2de302bf1aa3cf4c9157dbe6f50ac7eb '   itemscope=\"itemscope\" itemtype=\"https:\/\/schema.org\/CreativeWork\" ><div class='avia_textblock'  itemprop=\"text\" ><p>Par r\u00e9alisation sp\u00e9ciale, nous entendons un escalier qui, \u00e0 premier abord, ne correspond \u00e0 aucune des cat\u00e9gories que nous avons d\u00e9finies. Il peut s&rsquo;agir d&rsquo;escaliers \u00e0 la base h\u00e9lico\u00efdaux ou droits mais ne servant pas toujours d&rsquo;escalier de secours ou d&rsquo;escalier industriel normal.<\/p>\n<p>Les r\u00e9alisations sp\u00e9ciales, comme les belv\u00e9d\u00e8res, sont toujours quelque chose d&rsquo;exceptionnel, car elles impliquent une intraction entre l&rsquo;escalier et la structure en acier \/ bois. L&rsquo;\u00e9troite coop\u00e9ration entre les fabricants d&rsquo;escaliers, les sous-traitants et les concepteurs est indispensable \u00e0 la r\u00e9ussite du projet.<\/p>\n<\/div><\/section>\n\n<style type=\"text\/css\" data-created_by=\"avia_inline_auto\" id=\"style-css-av-av_image-ae8fc1c6003673985eaff3aed75f5c17\">\n.avia-image-container.av-av_image-ae8fc1c6003673985eaff3aed75f5c17 img.avia_image{\nbox-shadow:none;\n}\n.avia-image-container.av-av_image-ae8fc1c6003673985eaff3aed75f5c17 .av-image-caption-overlay-center{\ncolor:#ffffff;\n}\n<\/style>\n<div  class='avia-image-container av-av_image-ae8fc1c6003673985eaff3aed75f5c17 av-styling- av-hover-grow av-img-linked avia-align-left  avia-builder-el-2  el_after_av_textblock  avia-builder-el-last '   itemprop=\"image\" itemscope=\"itemscope\" itemtype=\"https:\/\/schema.org\/ImageObject\" ><div class=\"avia-image-container-inner\"><div class=\"avia-image-overlay-wrap\"><a href=\"https:\/\/www.treptech.ch\/wp-content\/uploads\/2018\/02\/Sonderkonstruktion.jpg\" class='avia_image '  aria-label='Sonderkonstruktion'><img fetchpriority=\"high\" class='wp-image-391 avia-img-lazy-loading-not-391 avia_image ' src='https:\/\/www.treptech.ch\/wp-content\/uploads\/2018\/02\/Sonderkonstruktion-212x300.jpg' alt='' title='Sonderkonstruktion'  height=\"300\" width=\"212\"  itemprop=\"thumbnailUrl\"  \/><\/a><\/div><\/div><\/div>\n","protected":false},"excerpt":{"rendered":"","protected":false},"author":1,"featured_media":0,"parent":0,"menu_order":0,"comment_status":"closed","ping_status":"closed","template":"","meta":{"footnotes":""},"class_list":["post-144","page","type-page","status-publish","hentry"],"_links":{"self":[{"href":"https:\/\/www.treptech.ch\/fr\/wp-json\/wp\/v2\/pages\/144","targetHints":{"allow":["GET"]}}],"collection":[{"href":"https:\/\/www.treptech.ch\/fr\/wp-json\/wp\/v2\/pages"}],"about":[{"href":"https:\/\/www.treptech.ch\/fr\/wp-json\/wp\/v2\/types\/page"}],"author":[{"embeddable":true,"href":"https:\/\/www.treptech.ch\/fr\/wp-json\/wp\/v2\/users\/1"}],"replies":[{"embeddable":true,"href":"https:\/\/www.treptech.ch\/fr\/wp-json\/wp\/v2\/comments?post=144"}],"version-history":[{"count":3,"href":"https:\/\/www.treptech.ch\/fr\/wp-json\/wp\/v2\/pages\/144\/revisions"}],"predecessor-version":[{"id":154,"href":"https:\/\/www.treptech.ch\/fr\/wp-json\/wp\/v2\/pages\/144\/revisions\/154"}],"wp:attachment":[{"href":"https:\/\/www.treptech.ch\/fr\/wp-json\/wp\/v2\/media?parent=144"}],"curies":[{"name":"wp","href":"https:\/\/api.w.org\/{rel}","templated":true}]}}