{"id":161,"date":"2018-02-02T11:48:01","date_gmt":"2018-02-02T10:48:01","guid":{"rendered":"https:\/\/www.treptech.ch\/?page_id=161"},"modified":"2018-02-02T11:48:01","modified_gmt":"2018-02-02T10:48:01","slug":"escalier-de-secours-2","status":"publish","type":"page","link":"https:\/\/www.treptech.ch\/fr\/escalier-de-secours-2\/","title":{"rendered":"Escalier de secours"},"content":{"rendered":"\n<style type=\"text\/css\" data-created_by=\"avia_inline_auto\" id=\"style-css-av-av_image-f9cda9f5c5650d9bbbf4332029da4f3e\">\n.avia-image-container.av-av_image-f9cda9f5c5650d9bbbf4332029da4f3e img.avia_image{\nbox-shadow:none;\n}\n.avia-image-container.av-av_image-f9cda9f5c5650d9bbbf4332029da4f3e .av-image-caption-overlay-center{\ncolor:#ffffff;\n}\n<\/style>\n<div  class='avia-image-container av-av_image-f9cda9f5c5650d9bbbf4332029da4f3e av-styling- avia-align-left  avia-builder-el-0  el_before_av_textblock  avia-builder-el-first '   itemprop=\"image\" itemscope=\"itemscope\" itemtype=\"https:\/\/schema.org\/ImageObject\" ><div class=\"avia-image-container-inner\"><div class=\"avia-image-overlay-wrap\"><img fetchpriority=\"high\" class='wp-image-380 avia-img-lazy-loading-not-380 avia_image ' src='https:\/\/www.treptech.ch\/wp-content\/uploads\/2018\/01\/Nottreppe.jpg' alt='' title='Nottreppe'  height=\"300\" width=\"700\"  itemprop=\"thumbnailUrl\"  \/><\/div><\/div><\/div>\n<section  class='av_textblock_section av-av_textblock-2de302bf1aa3cf4c9157dbe6f50ac7eb '   itemscope=\"itemscope\" itemtype=\"https:\/\/schema.org\/CreativeWork\" ><div class='avia_textblock'  itemprop=\"text\" ><p>Les escaliers de secours r\u00e9alis\u00e9s sous forme d&rsquo;escalier en acier ouverts peuvent \u00e9galement servir de voies d&rsquo;acc\u00e8s aux sapeurs-pompiers pour permettre le sauvetage rapide de personnes et d&rsquo;animaux en cas d&rsquo;incendie.<\/p>\n<p>Garde-Corps de type B1<br \/>\nRevetement en caillebotis maille 30x30mm<\/p>\n<\/div><\/section>\n\n<style type=\"text\/css\" data-created_by=\"avia_inline_auto\" id=\"style-css-av-av_image-70d23e490b5c9af639ab6fd563e7ff90\">\n.avia-image-container.av-av_image-70d23e490b5c9af639ab6fd563e7ff90 img.avia_image{\nbox-shadow:none;\n}\n.avia-image-container.av-av_image-70d23e490b5c9af639ab6fd563e7ff90 .av-image-caption-overlay-center{\ncolor:#ffffff;\n}\n<\/style>\n<div  class='avia-image-container av-av_image-70d23e490b5c9af639ab6fd563e7ff90 av-styling- av-hover-grow av-img-linked avia-align-left  avia-builder-el-2  el_after_av_textblock  el_before_av_hr '   itemprop=\"image\" itemscope=\"itemscope\" itemtype=\"https:\/\/schema.org\/ImageObject\" ><div class=\"avia-image-container-inner\"><div class=\"avia-image-overlay-wrap\"><a href=\"https:\/\/www.treptech.ch\/wp-content\/uploads\/2018\/02\/Nottreppe_Industrie-4.jpg\" class='avia_image '  aria-label='Nottreppe_Industrie'><img fetchpriority=\"high\" class='wp-image-392 avia-img-lazy-loading-not-392 avia_image ' src='https:\/\/www.treptech.ch\/wp-content\/uploads\/2018\/02\/Nottreppe_Industrie-4-225x300.jpg' alt='' title='Nottreppe_Industrie'  height=\"300\" width=\"225\"  itemprop=\"thumbnailUrl\"  \/><\/a><\/div><\/div><\/div>\n\n<style type=\"text\/css\" data-created_by=\"avia_inline_auto\" id=\"style-css-av-av_hr-4474f20d2389e2e5ecf918a02da5132e\">\n#top .hr.hr-invisible.av-av_hr-4474f20d2389e2e5ecf918a02da5132e{\nheight:50px;\n}\n<\/style>\n<div  class='hr av-av_hr-4474f20d2389e2e5ecf918a02da5132e hr-invisible  avia-builder-el-3  el_after_av_image  avia-builder-el-last '><span class='hr-inner '><span class=\"hr-inner-style\"><\/span><\/span><\/div>\n","protected":false},"excerpt":{"rendered":"","protected":false},"author":1,"featured_media":0,"parent":0,"menu_order":0,"comment_status":"closed","ping_status":"closed","template":"","meta":{"footnotes":""},"class_list":["post-161","page","type-page","status-publish","hentry"],"_links":{"self":[{"href":"https:\/\/www.treptech.ch\/fr\/wp-json\/wp\/v2\/pages\/161","targetHints":{"allow":["GET"]}}],"collection":[{"href":"https:\/\/www.treptech.ch\/fr\/wp-json\/wp\/v2\/pages"}],"about":[{"href":"https:\/\/www.treptech.ch\/fr\/wp-json\/wp\/v2\/types\/page"}],"author":[{"embeddable":true,"href":"https:\/\/www.treptech.ch\/fr\/wp-json\/wp\/v2\/users\/1"}],"replies":[{"embeddable":true,"href":"https:\/\/www.treptech.ch\/fr\/wp-json\/wp\/v2\/comments?post=161"}],"version-history":[{"count":2,"href":"https:\/\/www.treptech.ch\/fr\/wp-json\/wp\/v2\/pages\/161\/revisions"}],"predecessor-version":[{"id":164,"href":"https:\/\/www.treptech.ch\/fr\/wp-json\/wp\/v2\/pages\/161\/revisions\/164"}],"wp:attachment":[{"href":"https:\/\/www.treptech.ch\/fr\/wp-json\/wp\/v2\/media?parent=161"}],"curies":[{"name":"wp","href":"https:\/\/api.w.org\/{rel}","templated":true}]}}