{"id":168,"date":"2018-02-02T11:52:24","date_gmt":"2018-02-02T10:52:24","guid":{"rendered":"https:\/\/www.treptech.ch\/?page_id=168"},"modified":"2018-02-02T11:53:52","modified_gmt":"2018-02-02T10:53:52","slug":"escalier-helicoidal-2","status":"publish","type":"page","link":"https:\/\/www.treptech.ch\/fr\/escalier-helicoidal-2\/","title":{"rendered":"Escalier h\u00e9lico\u00efdal"},"content":{"rendered":"\n<style type=\"text\/css\" data-created_by=\"avia_inline_auto\" id=\"style-css-av-av_image-2bbc1d9c003e0dbf7b9ae62e4084ae06\">\n.avia-image-container.av-av_image-2bbc1d9c003e0dbf7b9ae62e4084ae06 img.avia_image{\nbox-shadow:none;\n}\n.avia-image-container.av-av_image-2bbc1d9c003e0dbf7b9ae62e4084ae06 .av-image-caption-overlay-center{\ncolor:#ffffff;\n}\n<\/style>\n<div  class='avia-image-container av-av_image-2bbc1d9c003e0dbf7b9ae62e4084ae06 av-styling- avia-align-left  avia-builder-el-0  el_before_av_textblock  avia-builder-el-first '   itemprop=\"image\" itemscope=\"itemscope\" itemtype=\"https:\/\/schema.org\/ImageObject\" ><div class=\"avia-image-container-inner\"><div class=\"avia-image-overlay-wrap\"><img fetchpriority=\"high\" class='wp-image-383 avia-img-lazy-loading-not-383 avia_image ' src='https:\/\/www.treptech.ch\/wp-content\/uploads\/2018\/01\/Spindeltreppe.jpg' alt='' title='Spindeltreppe'  height=\"300\" width=\"700\"  itemprop=\"thumbnailUrl\"  \/><\/div><\/div><\/div>\n<section  class='av_textblock_section av-av_textblock-2de302bf1aa3cf4c9157dbe6f50ac7eb '   itemscope=\"itemscope\" itemtype=\"https:\/\/schema.org\/CreativeWork\" ><div class='avia_textblock'  itemprop=\"text\" ><p>Les architectes nous lancent r\u00e9guli\u00e8rement un d\u00e9fi pariculier que nous relevons volontiers, \u00e0 savoir celui de cocilier leurs id\u00e9es cr\u00e9atives avec les prescriptions en vigueur. La profondeur du giron et la hauteur de la marche d\u00e9pendent depas moyen de l&rsquo;homme.<\/p>\n<p>Garde-Corps de Type C7<br \/>\nCaillebotis maille 30 x 20 mm<\/p>\n<\/div><\/section>\n\n<style type=\"text\/css\" data-created_by=\"avia_inline_auto\" id=\"style-css-av-av_image-6e457dac90660437765b654098648a3c\">\n.avia-image-container.av-av_image-6e457dac90660437765b654098648a3c img.avia_image{\nbox-shadow:none;\n}\n.avia-image-container.av-av_image-6e457dac90660437765b654098648a3c .av-image-caption-overlay-center{\ncolor:#ffffff;\n}\n<\/style>\n<div  class='avia-image-container av-av_image-6e457dac90660437765b654098648a3c av-styling- av-hover-grow av-img-linked avia-align-left  avia-builder-el-2  el_after_av_textblock  el_before_av_hr '   itemprop=\"image\" itemscope=\"itemscope\" itemtype=\"https:\/\/schema.org\/ImageObject\" ><div class=\"avia-image-container-inner\"><div class=\"avia-image-overlay-wrap\"><a href=\"https:\/\/www.treptech.ch\/wp-content\/uploads\/2018\/02\/Feuernottreppe.jpg\" class='avia_image '  aria-label='Feuernottreppe'><img fetchpriority=\"high\" class='wp-image-393 avia-img-lazy-loading-not-393 avia_image ' src='https:\/\/www.treptech.ch\/wp-content\/uploads\/2018\/02\/Feuernottreppe-277x300.jpg' alt='' title='Feuernottreppe'  height=\"300\" width=\"277\"  itemprop=\"thumbnailUrl\"  \/><\/a><\/div><\/div><\/div>\n\n<style type=\"text\/css\" data-created_by=\"avia_inline_auto\" id=\"style-css-av-av_hr-4474f20d2389e2e5ecf918a02da5132e\">\n#top .hr.hr-invisible.av-av_hr-4474f20d2389e2e5ecf918a02da5132e{\nheight:50px;\n}\n<\/style>\n<div  class='hr av-av_hr-4474f20d2389e2e5ecf918a02da5132e hr-invisible  avia-builder-el-3  el_after_av_image  avia-builder-el-last '><span class='hr-inner '><span class=\"hr-inner-style\"><\/span><\/span><\/div>\n","protected":false},"excerpt":{"rendered":"","protected":false},"author":1,"featured_media":0,"parent":0,"menu_order":0,"comment_status":"closed","ping_status":"closed","template":"","meta":{"footnotes":""},"class_list":["post-168","page","type-page","status-publish","hentry"],"_links":{"self":[{"href":"https:\/\/www.treptech.ch\/fr\/wp-json\/wp\/v2\/pages\/168","targetHints":{"allow":["GET"]}}],"collection":[{"href":"https:\/\/www.treptech.ch\/fr\/wp-json\/wp\/v2\/pages"}],"about":[{"href":"https:\/\/www.treptech.ch\/fr\/wp-json\/wp\/v2\/types\/page"}],"author":[{"embeddable":true,"href":"https:\/\/www.treptech.ch\/fr\/wp-json\/wp\/v2\/users\/1"}],"replies":[{"embeddable":true,"href":"https:\/\/www.treptech.ch\/fr\/wp-json\/wp\/v2\/comments?post=168"}],"version-history":[{"count":4,"href":"https:\/\/www.treptech.ch\/fr\/wp-json\/wp\/v2\/pages\/168\/revisions"}],"predecessor-version":[{"id":174,"href":"https:\/\/www.treptech.ch\/fr\/wp-json\/wp\/v2\/pages\/168\/revisions\/174"}],"wp:attachment":[{"href":"https:\/\/www.treptech.ch\/fr\/wp-json\/wp\/v2\/media?parent=168"}],"curies":[{"name":"wp","href":"https:\/\/api.w.org\/{rel}","templated":true}]}}