{"id":187,"date":"2018-02-02T12:16:57","date_gmt":"2018-02-02T11:16:57","guid":{"rendered":"https:\/\/www.treptech.ch\/?page_id=187"},"modified":"2018-02-02T12:16:57","modified_gmt":"2018-02-02T11:16:57","slug":"escalier-de-balcon","status":"publish","type":"page","link":"https:\/\/www.treptech.ch\/fr\/escalier-de-balcon\/","title":{"rendered":"Escalier de balcon"},"content":{"rendered":"\n<style type=\"text\/css\" data-created_by=\"avia_inline_auto\" id=\"style-css-av-av_image-5008753199d91d218edd38c448e28387\">\n.avia-image-container.av-av_image-5008753199d91d218edd38c448e28387 img.avia_image{\nbox-shadow:none;\n}\n.avia-image-container.av-av_image-5008753199d91d218edd38c448e28387 .av-image-caption-overlay-center{\ncolor:#ffffff;\n}\n<\/style>\n<div  class='avia-image-container av-av_image-5008753199d91d218edd38c448e28387 av-styling- avia-align-left  avia-builder-el-0  el_before_av_textblock  avia-builder-el-first '   itemprop=\"image\" itemscope=\"itemscope\" itemtype=\"https:\/\/schema.org\/ImageObject\" ><div class=\"avia-image-container-inner\"><div class=\"avia-image-overlay-wrap\"><img fetchpriority=\"high\" class='wp-image-399 avia-img-lazy-loading-not-399 avia_image ' src='https:\/\/www.treptech.ch\/wp-content\/uploads\/2018\/02\/Spindeltreppe_privat-w-1030x441.png' alt='' title='Spindeltreppe_privat-w'  height=\"441\" width=\"1030\"  itemprop=\"thumbnailUrl\"  \/><\/div><\/div><\/div>\n<section  class='av_textblock_section av-av_textblock-2de302bf1aa3cf4c9157dbe6f50ac7eb '   itemscope=\"itemscope\" itemtype=\"https:\/\/schema.org\/CreativeWork\" ><div class='avia_textblock'  itemprop=\"text\" ><p>En g\u00e9n\u00e9ral, un escalier doit \u00eatre consid\u00e9r\u00e9 comme un investissement \u00e0 long terme. Il doit contribuer \u00e0 l&rsquo;esth\u00e9tisme du b\u00e2timent. Comme rev\u00eatement on peut utiliser des grilles caillebotis ou des sols industriels de s\u00e9curit\u00e9 ferm\u00e9s<\/p>\n<\/div><\/section>\n\n<style type=\"text\/css\" data-created_by=\"avia_inline_auto\" id=\"style-css-av-av_image-2807be5a0d42f6afb620d83c7c24c8e5\">\n.avia-image-container.av-av_image-2807be5a0d42f6afb620d83c7c24c8e5 img.avia_image{\nbox-shadow:none;\n}\n.avia-image-container.av-av_image-2807be5a0d42f6afb620d83c7c24c8e5 .av-image-caption-overlay-center{\ncolor:#ffffff;\n}\n<\/style>\n<div  class='avia-image-container av-av_image-2807be5a0d42f6afb620d83c7c24c8e5 av-styling- av-hover-grow av-img-linked avia-align-left  avia-builder-el-2  el_after_av_textblock  el_before_av_hr '   itemprop=\"image\" itemscope=\"itemscope\" itemtype=\"https:\/\/schema.org\/ImageObject\" ><div class=\"avia-image-container-inner\"><div class=\"avia-image-overlay-wrap\"><a href=\"https:\/\/www.treptech.ch\/wp-content\/uploads\/2018\/02\/Spindeltreppe_privat.jpg\" class='avia_image '  aria-label='Spindeltreppe_privat'><img fetchpriority=\"high\" class='wp-image-395 avia-img-lazy-loading-not-395 avia_image ' src='https:\/\/www.treptech.ch\/wp-content\/uploads\/2018\/02\/Spindeltreppe_privat-214x300.jpg' alt='' title='Spindeltreppe_privat'  height=\"300\" width=\"214\"  itemprop=\"thumbnailUrl\"  \/><\/a><\/div><\/div><\/div>\n\n<style type=\"text\/css\" data-created_by=\"avia_inline_auto\" id=\"style-css-av-av_hr-4474f20d2389e2e5ecf918a02da5132e\">\n#top .hr.hr-invisible.av-av_hr-4474f20d2389e2e5ecf918a02da5132e{\nheight:50px;\n}\n<\/style>\n<div  class='hr av-av_hr-4474f20d2389e2e5ecf918a02da5132e hr-invisible  avia-builder-el-3  el_after_av_image  avia-builder-el-last '><span class='hr-inner '><span class=\"hr-inner-style\"><\/span><\/span><\/div>\n","protected":false},"excerpt":{"rendered":"","protected":false},"author":1,"featured_media":0,"parent":0,"menu_order":0,"comment_status":"closed","ping_status":"closed","template":"","meta":{"footnotes":""},"class_list":["post-187","page","type-page","status-publish","hentry"],"_links":{"self":[{"href":"https:\/\/www.treptech.ch\/fr\/wp-json\/wp\/v2\/pages\/187","targetHints":{"allow":["GET"]}}],"collection":[{"href":"https:\/\/www.treptech.ch\/fr\/wp-json\/wp\/v2\/pages"}],"about":[{"href":"https:\/\/www.treptech.ch\/fr\/wp-json\/wp\/v2\/types\/page"}],"author":[{"embeddable":true,"href":"https:\/\/www.treptech.ch\/fr\/wp-json\/wp\/v2\/users\/1"}],"replies":[{"embeddable":true,"href":"https:\/\/www.treptech.ch\/fr\/wp-json\/wp\/v2\/comments?post=187"}],"version-history":[{"count":2,"href":"https:\/\/www.treptech.ch\/fr\/wp-json\/wp\/v2\/pages\/187\/revisions"}],"predecessor-version":[{"id":190,"href":"https:\/\/www.treptech.ch\/fr\/wp-json\/wp\/v2\/pages\/187\/revisions\/190"}],"wp:attachment":[{"href":"https:\/\/www.treptech.ch\/fr\/wp-json\/wp\/v2\/media?parent=187"}],"curies":[{"name":"wp","href":"https:\/\/api.w.org\/{rel}","templated":true}]}}