{"id":197,"date":"2018-02-02T12:23:47","date_gmt":"2018-02-02T11:23:47","guid":{"rendered":"https:\/\/www.treptech.ch\/?page_id=197"},"modified":"2018-02-02T12:24:33","modified_gmt":"2018-02-02T11:24:33","slug":"escalier-helicodial-prive","status":"publish","type":"page","link":"https:\/\/www.treptech.ch\/fr\/escalier-helicodial-prive\/","title":{"rendered":"Escalier h\u00e9licod\u00efal"},"content":{"rendered":"\n<style type=\"text\/css\" data-created_by=\"avia_inline_auto\" id=\"style-css-av-av_image-e0e4ce7732368224ebc95607d03bc557\">\n.avia-image-container.av-av_image-e0e4ce7732368224ebc95607d03bc557 img.avia_image{\nbox-shadow:none;\n}\n.avia-image-container.av-av_image-e0e4ce7732368224ebc95607d03bc557 .av-image-caption-overlay-center{\ncolor:#ffffff;\n}\n<\/style>\n<div  class='avia-image-container av-av_image-e0e4ce7732368224ebc95607d03bc557 av-styling- avia-align-left  avia-builder-el-0  el_before_av_textblock  avia-builder-el-first '   itemprop=\"image\" itemscope=\"itemscope\" itemtype=\"https:\/\/schema.org\/ImageObject\" ><div class=\"avia-image-container-inner\"><div class=\"avia-image-overlay-wrap\"><img fetchpriority=\"high\" class='wp-image-397 avia-img-lazy-loading-not-397 avia_image ' src='https:\/\/www.treptech.ch\/wp-content\/uploads\/2018\/02\/Fluchttreppe_privat-w-1030x441.png' alt='' title='Fluchttreppe_privat-w'  height=\"441\" width=\"1030\"  itemprop=\"thumbnailUrl\"  \/><\/div><\/div><\/div>\n<section  class='av_textblock_section av-av_textblock-2de302bf1aa3cf4c9157dbe6f50ac7eb '   itemscope=\"itemscope\" itemtype=\"https:\/\/schema.org\/CreativeWork\" ><div class='avia_textblock'  itemprop=\"text\" ><p>Outre les crit\u00e8res esth\u00e9tiques et l&rsquo;espace disponible, c&rsquo;est aussi la fonction d&rsquo;un escalier qui d\u00e9cidera de sa forme. Ainsi, la forme de l&rsquo;escalier d\u00e9pendra de la question de savoir s&rsquo;il doit permettre l&rsquo;acc\u00e8s \u00e0 une pi\u00e8ce d&rsquo;habitation, \u00e0 un local annexe, \u00e0 la cave ou aux combles.<\/p>\n<\/div><\/section>\n\n<style type=\"text\/css\" data-created_by=\"avia_inline_auto\" id=\"style-css-av-av_image-7acbf1e5dc988e95e6715b00a974d2ef\">\n.avia-image-container.av-av_image-7acbf1e5dc988e95e6715b00a974d2ef img.avia_image{\nbox-shadow:none;\n}\n.avia-image-container.av-av_image-7acbf1e5dc988e95e6715b00a974d2ef .av-image-caption-overlay-center{\ncolor:#ffffff;\n}\n<\/style>\n<div  class='avia-image-container av-av_image-7acbf1e5dc988e95e6715b00a974d2ef av-styling- av-hover-grow av-img-linked avia-align-left  avia-builder-el-2  el_after_av_textblock  el_before_av_hr '   itemprop=\"image\" itemscope=\"itemscope\" itemtype=\"https:\/\/schema.org\/ImageObject\" ><div class=\"avia-image-container-inner\"><div class=\"avia-image-overlay-wrap\"><a href=\"https:\/\/www.treptech.ch\/wp-content\/uploads\/2018\/02\/Fluchttreppe_privat.jpg\" class='avia_image '  aria-label='Fluchttreppe_privat'><img fetchpriority=\"high\" class='wp-image-394 avia-img-lazy-loading-not-394 avia_image ' src='https:\/\/www.treptech.ch\/wp-content\/uploads\/2018\/02\/Fluchttreppe_privat-212x300.jpg' alt='' title='Fluchttreppe_privat'  height=\"300\" width=\"212\"  itemprop=\"thumbnailUrl\"  \/><\/a><\/div><\/div><\/div>\n\n<style type=\"text\/css\" data-created_by=\"avia_inline_auto\" id=\"style-css-av-av_hr-4474f20d2389e2e5ecf918a02da5132e\">\n#top .hr.hr-invisible.av-av_hr-4474f20d2389e2e5ecf918a02da5132e{\nheight:50px;\n}\n<\/style>\n<div  class='hr av-av_hr-4474f20d2389e2e5ecf918a02da5132e hr-invisible  avia-builder-el-3  el_after_av_image  avia-builder-el-last '><span class='hr-inner '><span class=\"hr-inner-style\"><\/span><\/span><\/div>\n","protected":false},"excerpt":{"rendered":"","protected":false},"author":1,"featured_media":0,"parent":0,"menu_order":0,"comment_status":"closed","ping_status":"closed","template":"","meta":{"footnotes":""},"class_list":["post-197","page","type-page","status-publish","hentry"],"_links":{"self":[{"href":"https:\/\/www.treptech.ch\/fr\/wp-json\/wp\/v2\/pages\/197","targetHints":{"allow":["GET"]}}],"collection":[{"href":"https:\/\/www.treptech.ch\/fr\/wp-json\/wp\/v2\/pages"}],"about":[{"href":"https:\/\/www.treptech.ch\/fr\/wp-json\/wp\/v2\/types\/page"}],"author":[{"embeddable":true,"href":"https:\/\/www.treptech.ch\/fr\/wp-json\/wp\/v2\/users\/1"}],"replies":[{"embeddable":true,"href":"https:\/\/www.treptech.ch\/fr\/wp-json\/wp\/v2\/comments?post=197"}],"version-history":[{"count":3,"href":"https:\/\/www.treptech.ch\/fr\/wp-json\/wp\/v2\/pages\/197\/revisions"}],"predecessor-version":[{"id":201,"href":"https:\/\/www.treptech.ch\/fr\/wp-json\/wp\/v2\/pages\/197\/revisions\/201"}],"wp:attachment":[{"href":"https:\/\/www.treptech.ch\/fr\/wp-json\/wp\/v2\/media?parent=197"}],"curies":[{"name":"wp","href":"https:\/\/api.w.org\/{rel}","templated":true}]}}