{"id":205,"date":"2018-02-02T12:27:48","date_gmt":"2018-02-02T11:27:48","guid":{"rendered":"https:\/\/www.treptech.ch\/?page_id=205"},"modified":"2018-02-02T12:27:48","modified_gmt":"2018-02-02T11:27:48","slug":"escalier-debillarde-prive","status":"publish","type":"page","link":"https:\/\/www.treptech.ch\/fr\/escalier-debillarde-prive\/","title":{"rendered":"Escalier d\u00e9billard\u00e9"},"content":{"rendered":"\n<style type=\"text\/css\" data-created_by=\"avia_inline_auto\" id=\"style-css-av-av_image-6ff71ed43b4a7a745b276c267a746e3b\">\n.avia-image-container.av-av_image-6ff71ed43b4a7a745b276c267a746e3b img.avia_image{\nbox-shadow:none;\n}\n.avia-image-container.av-av_image-6ff71ed43b4a7a745b276c267a746e3b .av-image-caption-overlay-center{\ncolor:#ffffff;\n}\n<\/style>\n<div  class='avia-image-container av-av_image-6ff71ed43b4a7a745b276c267a746e3b av-styling- avia-align-left  avia-builder-el-0  el_before_av_textblock  avia-builder-el-first '   itemprop=\"image\" itemscope=\"itemscope\" itemtype=\"https:\/\/schema.org\/ImageObject\" ><div class=\"avia-image-container-inner\"><div class=\"avia-image-overlay-wrap\"><img fetchpriority=\"high\" class='wp-image-398 avia-img-lazy-loading-not-398 avia_image ' src='https:\/\/www.treptech.ch\/wp-content\/uploads\/2018\/02\/Wendeltreppe_privat-w.png' alt='' title='Wendeltreppe_privat-w'  height=\"468\" width=\"1093\"  itemprop=\"thumbnailUrl\"  \/><\/div><\/div><\/div>\n<section  class='av_textblock_section av-av_textblock-2de302bf1aa3cf4c9157dbe6f50ac7eb '   itemscope=\"itemscope\" itemtype=\"https:\/\/schema.org\/CreativeWork\" ><div class='avia_textblock'  itemprop=\"text\" ><p>Escaliers d\u00e9billard\u00e9s Les escaliers d\u00e9billard\u00e9s aux courbes r\u00e9guli\u00e8res sont fr\u00e9quemment employ\u00e9s dans les b\u00e2timents publics, \u00e9tant donn\u00e9 que leur forme permet d\u2018atteindre facilement une largeur de passage utile ad\u00e9quate. Cet escalier d\u00e9billard\u00e9 \u00e0 limon central con\u00e7u par l\u2018architecte a lanc\u00e9 de grands d\u00e9fis aux staticiens et constructeurs lors de la phase de planification de m\u00eame qu\u2018\u00e0 nos ouvriers lors de la mise en pratique des calculs th\u00e9oriques. La forme particuli\u00e8re du garde-corps au design l\u00e9ger a \u00e9t\u00e9 sciemment choisie pour souligner les courbes dynamiques de l\u2018escalier et montre de plus \u00e0 quel point les prescriptions relatives aux escaliers peuvent varier d\u2018un pays \u00e0 l\u2018autre. Cet exemple prouve aussi qu\u2018il est possible, tout en respectant les strictes prescriptions de la r\u00e9glementation, de r\u00e9aliser un escalier aux lignes \u00e9lanc\u00e9es et \u00e9l\u00e9gantes.<\/p>\n<\/div><\/section>\n\n<style type=\"text\/css\" data-created_by=\"avia_inline_auto\" id=\"style-css-av-av_image-f76a39b4697365475b0f6f15cc624f10\">\n.avia-image-container.av-av_image-f76a39b4697365475b0f6f15cc624f10 img.avia_image{\nbox-shadow:none;\n}\n.avia-image-container.av-av_image-f76a39b4697365475b0f6f15cc624f10 .av-image-caption-overlay-center{\ncolor:#ffffff;\n}\n<\/style>\n<div  class='avia-image-container av-av_image-f76a39b4697365475b0f6f15cc624f10 av-styling- av-hover-grow av-img-linked avia-align-left  avia-builder-el-2  el_after_av_textblock  el_before_av_hr '   itemprop=\"image\" itemscope=\"itemscope\" itemtype=\"https:\/\/schema.org\/ImageObject\" ><div class=\"avia-image-container-inner\"><div class=\"avia-image-overlay-wrap\"><a href=\"https:\/\/www.treptech.ch\/wp-content\/uploads\/2018\/02\/Wendeltreppe_privat.jpg\" class='avia_image '  aria-label='Wendeltreppe_privat'><img fetchpriority=\"high\" class='wp-image-396 avia-img-lazy-loading-not-396 avia_image ' src='https:\/\/www.treptech.ch\/wp-content\/uploads\/2018\/02\/Wendeltreppe_privat-212x300.jpg' alt='' title='Wendeltreppe_privat'  height=\"300\" width=\"212\"  itemprop=\"thumbnailUrl\"  \/><\/a><\/div><\/div><\/div>\n\n<style type=\"text\/css\" data-created_by=\"avia_inline_auto\" id=\"style-css-av-av_hr-4474f20d2389e2e5ecf918a02da5132e\">\n#top .hr.hr-invisible.av-av_hr-4474f20d2389e2e5ecf918a02da5132e{\nheight:50px;\n}\n<\/style>\n<div  class='hr av-av_hr-4474f20d2389e2e5ecf918a02da5132e hr-invisible  avia-builder-el-3  el_after_av_image  avia-builder-el-last '><span class='hr-inner '><span class=\"hr-inner-style\"><\/span><\/span><\/div>\n","protected":false},"excerpt":{"rendered":"","protected":false},"author":1,"featured_media":0,"parent":0,"menu_order":0,"comment_status":"closed","ping_status":"closed","template":"","meta":{"footnotes":""},"class_list":["post-205","page","type-page","status-publish","hentry"],"_links":{"self":[{"href":"https:\/\/www.treptech.ch\/fr\/wp-json\/wp\/v2\/pages\/205","targetHints":{"allow":["GET"]}}],"collection":[{"href":"https:\/\/www.treptech.ch\/fr\/wp-json\/wp\/v2\/pages"}],"about":[{"href":"https:\/\/www.treptech.ch\/fr\/wp-json\/wp\/v2\/types\/page"}],"author":[{"embeddable":true,"href":"https:\/\/www.treptech.ch\/fr\/wp-json\/wp\/v2\/users\/1"}],"replies":[{"embeddable":true,"href":"https:\/\/www.treptech.ch\/fr\/wp-json\/wp\/v2\/comments?post=205"}],"version-history":[{"count":2,"href":"https:\/\/www.treptech.ch\/fr\/wp-json\/wp\/v2\/pages\/205\/revisions"}],"predecessor-version":[{"id":208,"href":"https:\/\/www.treptech.ch\/fr\/wp-json\/wp\/v2\/pages\/205\/revisions\/208"}],"wp:attachment":[{"href":"https:\/\/www.treptech.ch\/fr\/wp-json\/wp\/v2\/media?parent=205"}],"curies":[{"name":"wp","href":"https:\/\/api.w.org\/{rel}","templated":true}]}}