{"id":47,"date":"2018-01-26T08:31:08","date_gmt":"2018-01-26T07:31:08","guid":{"rendered":"https:\/\/www.treptech.ch\/?page_id=47"},"modified":"2018-02-02T10:36:20","modified_gmt":"2018-02-02T09:36:20","slug":"spindeltreppe","status":"publish","type":"page","link":"https:\/\/www.treptech.ch\/fr\/spindeltreppe\/","title":{"rendered":"Escalier h\u00e9lico\u00efdal"},"content":{"rendered":"\n<style type=\"text\/css\" data-created_by=\"avia_inline_auto\" id=\"style-css-av-av_image-9b87f90ed5579add8abca2b2331b4207\">\n.avia-image-container.av-av_image-9b87f90ed5579add8abca2b2331b4207 img.avia_image{\nbox-shadow:none;\n}\n.avia-image-container.av-av_image-9b87f90ed5579add8abca2b2331b4207 .av-image-caption-overlay-center{\ncolor:#ffffff;\n}\n<\/style>\n<div  class='avia-image-container av-av_image-9b87f90ed5579add8abca2b2331b4207 av-styling- avia-align-left  avia-builder-el-0  el_before_av_textblock  avia-builder-el-first '   itemprop=\"image\" itemscope=\"itemscope\" itemtype=\"https:\/\/schema.org\/ImageObject\" ><div class=\"avia-image-container-inner\"><div class=\"avia-image-overlay-wrap\"><img fetchpriority=\"high\" class='wp-image-382 avia-img-lazy-loading-not-382 avia_image ' src='https:\/\/www.treptech.ch\/wp-content\/uploads\/2018\/01\/Spindeltreppe_2.jpg' alt='' title='Spindeltreppe_2'  height=\"300\" width=\"700\"  itemprop=\"thumbnailUrl\"  \/><\/div><\/div><\/div>\n<section  class='av_textblock_section av-av_textblock-2de302bf1aa3cf4c9157dbe6f50ac7eb '   itemscope=\"itemscope\" itemtype=\"https:\/\/schema.org\/CreativeWork\" ><div class='avia_textblock'  itemprop=\"text\" ><p>L\u2019escalier h\u00e9lico\u00efdal, un genre d\u2019escalier tournant sp\u00e9cial, est le type d\u2019escalier le moins encombrant.<br \/>\nLa liaison avec le b\u00e2timent es tun \u00e9l\u00e9ment essentiel du concept statique global.<\/p>\n<p>Garde-corps de type C7 avec main courante inox V2A<br \/>\nEt garnissage en t\u00f4le perfor\u00e9e<br \/>\nRev\u00eatement en caillebotis maille 30x30mm<\/p>\n<\/div><\/section>\n\n<style type=\"text\/css\" data-created_by=\"avia_inline_auto\" id=\"style-css-av-av_image-ad63be7f07976adb8a4c47475559d517\">\n.avia-image-container.av-av_image-ad63be7f07976adb8a4c47475559d517 img.avia_image{\nbox-shadow:none;\n}\n.avia-image-container.av-av_image-ad63be7f07976adb8a4c47475559d517 .av-image-caption-overlay-center{\ncolor:#ffffff;\n}\n<\/style>\n<div  class='avia-image-container av-av_image-ad63be7f07976adb8a4c47475559d517 av-styling- av-hover-grow av-img-linked avia-align-left  avia-builder-el-2  el_after_av_textblock  avia-builder-el-last '   itemprop=\"image\" itemscope=\"itemscope\" itemtype=\"https:\/\/schema.org\/ImageObject\" ><div class=\"avia-image-container-inner\"><div class=\"avia-image-overlay-wrap\"><a href=\"https:\/\/www.treptech.ch\/wp-content\/uploads\/2018\/01\/Spindeltreppe_Industrie_Hoch.jpg\" class='avia_image '  aria-label='Spindeltreppe_Industrie_Hoch'><img fetchpriority=\"high\" class='wp-image-373 avia-img-lazy-loading-not-373 avia_image ' src='https:\/\/www.treptech.ch\/wp-content\/uploads\/2018\/01\/Spindeltreppe_Industrie_Hoch-212x300.jpg' alt='' title='Spindeltreppe_Industrie_Hoch'  height=\"300\" width=\"212\"  itemprop=\"thumbnailUrl\"  \/><\/a><\/div><\/div><\/div>\n","protected":false},"excerpt":{"rendered":"","protected":false},"author":1,"featured_media":0,"parent":0,"menu_order":0,"comment_status":"closed","ping_status":"closed","template":"","meta":{"footnotes":""},"class_list":["post-47","page","type-page","status-publish","hentry"],"_links":{"self":[{"href":"https:\/\/www.treptech.ch\/fr\/wp-json\/wp\/v2\/pages\/47","targetHints":{"allow":["GET"]}}],"collection":[{"href":"https:\/\/www.treptech.ch\/fr\/wp-json\/wp\/v2\/pages"}],"about":[{"href":"https:\/\/www.treptech.ch\/fr\/wp-json\/wp\/v2\/types\/page"}],"author":[{"embeddable":true,"href":"https:\/\/www.treptech.ch\/fr\/wp-json\/wp\/v2\/users\/1"}],"replies":[{"embeddable":true,"href":"https:\/\/www.treptech.ch\/fr\/wp-json\/wp\/v2\/comments?post=47"}],"version-history":[{"count":4,"href":"https:\/\/www.treptech.ch\/fr\/wp-json\/wp\/v2\/pages\/47\/revisions"}],"predecessor-version":[{"id":102,"href":"https:\/\/www.treptech.ch\/fr\/wp-json\/wp\/v2\/pages\/47\/revisions\/102"}],"wp:attachment":[{"href":"https:\/\/www.treptech.ch\/fr\/wp-json\/wp\/v2\/media?parent=47"}],"curies":[{"name":"wp","href":"https:\/\/api.w.org\/{rel}","templated":true}]}}