{"id":49,"date":"2018-01-26T09:10:21","date_gmt":"2018-01-26T08:10:21","guid":{"rendered":"https:\/\/www.treptech.ch\/?page_id=49"},"modified":"2018-02-02T14:59:43","modified_gmt":"2018-02-02T13:59:43","slug":"49-2","status":"publish","type":"page","link":"https:\/\/www.treptech.ch\/fr\/","title":{"rendered":"Home"},"content":{"rendered":"<div  class='avia-slideshow av-av_slideshow-5b42eb84df3970bbb889463536e32d6f avia-slideshow-no scaling av_slideshow avia-slide-slider  avia-builder-el-0  el_before_av_textblock  avia-builder-el-first  av-slideshow-ui av-control-default av-slideshow-autoplay av-loop-endless av-loop-manual-endless av-default-height-applied avia-slideshow-1' data-slideshow-options=\"{&quot;animation&quot;:&quot;slide&quot;,&quot;autoplay&quot;:true,&quot;loop_autoplay&quot;:&quot;endless&quot;,&quot;interval&quot;:5,&quot;loop_manual&quot;:&quot;manual-endless&quot;,&quot;autoplay_stopper&quot;:false,&quot;noNavigation&quot;:false,&quot;bg_slider&quot;:false,&quot;keep_padding&quot;:false,&quot;hoverpause&quot;:false,&quot;show_slide_delay&quot;:0}\"  itemprop=\"image\" itemscope=\"itemscope\" itemtype=\"https:\/\/schema.org\/ImageObject\" ><ul class='avia-slideshow-inner ' style='padding-bottom: 42.857142857143%;'><li  class='avia-slideshow-slide av-av_slideshow-5b42eb84df3970bbb889463536e32d6f__0  slide-1 slide-odd'><div data-rel='slideshow-1' class='avia-slide-wrap '   ><img fetchpriority=\"high\" class=\"wp-image-384 avia-img-lazy-loading-not-384\"  src='https:\/\/www.treptech.ch\/wp-content\/uploads\/2018\/01\/Wartungstreppe.jpg' width='700' height='300' title='Wartungstreppe' alt=''  itemprop=\"thumbnailUrl\"   \/><\/div><\/li><li  class='avia-slideshow-slide av-av_slideshow-5b42eb84df3970bbb889463536e32d6f__1  slide-2 slide-even'><div data-rel='slideshow-1' class='avia-slide-wrap '   ><img fetchpriority=\"high\" class=\"wp-image-385 avia-img-lazy-loading-not-385\"  src='https:\/\/www.treptech.ch\/wp-content\/uploads\/2018\/01\/Wendeltreppe_Privat.jpg' width='700' height='300' title='Wendeltreppe_Privat' alt=''  itemprop=\"thumbnailUrl\"   \/><\/div><\/li><li  class='avia-slideshow-slide av-av_slideshow-5b42eb84df3970bbb889463536e32d6f__2  slide-3 slide-odd'><div data-rel='slideshow-1' class='avia-slide-wrap '   ><img fetchpriority=\"high\" class=\"wp-image-382 avia-img-lazy-loading-not-382\"  src='https:\/\/www.treptech.ch\/wp-content\/uploads\/2018\/01\/Spindeltreppe_2.jpg' width='700' height='300' title='Spindeltreppe_2' alt=''  itemprop=\"thumbnailUrl\"   \/><\/div><\/li><li  class='avia-slideshow-slide av-av_slideshow-5b42eb84df3970bbb889463536e32d6f__3  slide-4 slide-even'><div data-rel='slideshow-1' class='avia-slide-wrap '   ><img fetchpriority=\"high\" class=\"wp-image-383 avia-img-lazy-loading-not-383\"  src='https:\/\/www.treptech.ch\/wp-content\/uploads\/2018\/01\/Spindeltreppe.jpg' width='700' height='300' title='Spindeltreppe' alt=''  itemprop=\"thumbnailUrl\"   \/><\/div><\/li><li  class='avia-slideshow-slide av-av_slideshow-5b42eb84df3970bbb889463536e32d6f__4  slide-5 slide-odd'><div data-rel='slideshow-1' class='avia-slide-wrap '   ><img fetchpriority=\"high\" class=\"wp-image-380 avia-img-lazy-loading-not-380\"  src='https:\/\/www.treptech.ch\/wp-content\/uploads\/2018\/01\/Nottreppe.jpg' width='700' height='300' title='Nottreppe' alt=''  itemprop=\"thumbnailUrl\"   \/><\/div><\/li><li  class='avia-slideshow-slide av-av_slideshow-5b42eb84df3970bbb889463536e32d6f__5  slide-6 slide-even'><div data-rel='slideshow-1' class='avia-slide-wrap '   ><img fetchpriority=\"high\" class=\"wp-image-379 avia-img-lazy-loading-not-379\"  src='https:\/\/www.treptech.ch\/wp-content\/uploads\/2018\/01\/ikea.jpg' width='700' height='300' title='ikea' alt=''  itemprop=\"thumbnailUrl\"   \/><\/div><\/li><li  class='avia-slideshow-slide av-av_slideshow-5b42eb84df3970bbb889463536e32d6f__6  slide-7 slide-odd'><div data-rel='slideshow-1' class='avia-slide-wrap '   ><img fetchpriority=\"high\" class=\"wp-image-381 avia-img-lazy-loading-not-381\"  src='https:\/\/www.treptech.ch\/wp-content\/uploads\/2018\/01\/Sonderkonstruktion.jpg' width='700' height='300' title='Sonderkonstruktion' alt=''  itemprop=\"thumbnailUrl\"   \/><\/div><\/li><li  class='avia-slideshow-slide av-av_slideshow-5b42eb84df3970bbb889463536e32d6f__7  slide-8 slide-even'><div data-rel='slideshow-1' class='avia-slide-wrap '   ><img fetchpriority=\"high\" class=\"wp-image-377 avia-img-lazy-loading-not-377\"  src='https:\/\/www.treptech.ch\/wp-content\/uploads\/2018\/01\/Fluchttreppe.jpg' width='700' height='300' title='Fluchttreppe' alt=''  itemprop=\"thumbnailUrl\"   \/><\/div><\/li><li  class='avia-slideshow-slide av-av_slideshow-5b42eb84df3970bbb889463536e32d6f__8  slide-9 slide-odd'><div data-rel='slideshow-1' class='avia-slide-wrap '   ><img fetchpriority=\"high\" class=\"wp-image-378 avia-img-lazy-loading-not-378\"  src='https:\/\/www.treptech.ch\/wp-content\/uploads\/2018\/01\/gerade_treppe_zweifel.jpg' width='700' height='306' title='gerade_treppe_zweifel' alt=''  itemprop=\"thumbnailUrl\"   \/><\/div><\/li><li  class='avia-slideshow-slide av-av_slideshow-5b42eb84df3970bbb889463536e32d6f__9  slide-10 slide-even'><div data-rel='slideshow-1' class='avia-slide-wrap '   ><img fetchpriority=\"high\" class=\"wp-image-376 avia-img-lazy-loading-not-376\"  src='https:\/\/www.treptech.ch\/wp-content\/uploads\/2018\/01\/EFH-Ryf.jpg' width='700' height='300' title='EFH-Ryf' alt=''  itemprop=\"thumbnailUrl\"   \/><\/div><\/li><li  class='avia-slideshow-slide av-av_slideshow-5b42eb84df3970bbb889463536e32d6f__10  slide-11 slide-odd'><div data-rel='slideshow-1' class='avia-slide-wrap '   ><img fetchpriority=\"high\" class=\"wp-image-375 avia-img-lazy-loading-not-375\"  src='https:\/\/www.treptech.ch\/wp-content\/uploads\/2018\/01\/Aussentreppe-Liebherr.jpg' width='700' height='300' title='Aussentreppe-Liebherr' alt=''  itemprop=\"thumbnailUrl\"   \/><\/div><\/li><\/ul><div class='avia-slideshow-arrows avia-slideshow-controls' ><a href='#prev' class='prev-slide  avia-svg-icon avia-font-svg_entypo-fontello' data-av_svg_icon='left-open-big' data-av_iconset='svg_entypo-fontello' tabindex='-1' title=\"Pr\u00e9c\u00e9dent\"><svg version=\"1.1\" xmlns=\"http:\/\/www.w3.org\/2000\/svg\" width=\"15\" height=\"32\" viewBox=\"0 0 15 32\" preserveAspectRatio=\"xMidYMid meet\" aria-labelledby='av-svg-title-1' aria-describedby='av-svg-desc-1' role=\"graphics-symbol\" aria-hidden=\"true\">\n<title id='av-svg-title-1'>Pr\u00e9c\u00e9dent<\/title>\n<desc id='av-svg-desc-1'>Pr\u00e9c\u00e9dent<\/desc>\n<path d=\"M14.464 27.84q0.832 0.832 0 1.536-0.832 0.832-1.536 0l-12.544-12.608q-0.768-0.768 0-1.6l12.544-12.608q0.704-0.832 1.536 0 0.832 0.704 0 1.536l-11.456 11.904z\"><\/path>\n<\/svg><span class='avia_hidden_link_text'>Pr\u00e9c\u00e9dent<\/span><\/a><a href='#next' class='next-slide  avia-svg-icon avia-font-svg_entypo-fontello' data-av_svg_icon='right-open-big' data-av_iconset='svg_entypo-fontello' tabindex='-1' title=\"Suivant\"><svg version=\"1.1\" xmlns=\"http:\/\/www.w3.org\/2000\/svg\" width=\"15\" height=\"32\" viewBox=\"0 0 15 32\" preserveAspectRatio=\"xMidYMid meet\" aria-labelledby='av-svg-title-2' aria-describedby='av-svg-desc-2' role=\"graphics-symbol\" aria-hidden=\"true\">\n<title id='av-svg-title-2'>Suivant<\/title>\n<desc id='av-svg-desc-2'>Suivant<\/desc>\n<path d=\"M0.416 27.84l11.456-11.84-11.456-11.904q-0.832-0.832 0-1.536 0.832-0.832 1.536 0l12.544 12.608q0.768 0.832 0 1.6l-12.544 12.608q-0.704 0.832-1.536 0-0.832-0.704 0-1.536z\"><\/path>\n<\/svg><span class='avia_hidden_link_text'>Suivant<\/span><\/a><\/div><div class='avia-slideshow-dots avia-slideshow-controls'><a href='#1' class='goto-slide active' >1<\/a><a href='#2' class='goto-slide ' >2<\/a><a href='#3' class='goto-slide ' >3<\/a><a href='#4' class='goto-slide ' >4<\/a><a href='#5' class='goto-slide ' >5<\/a><a href='#6' class='goto-slide ' >6<\/a><a href='#7' class='goto-slide ' >7<\/a><a href='#8' class='goto-slide ' >8<\/a><a href='#9' class='goto-slide ' >9<\/a><a href='#10' class='goto-slide ' >10<\/a><a href='#11' class='goto-slide ' >11<\/a><\/div><\/div>\n<section  class='av_textblock_section av-av_textblock-d6f9580a14a12f3e6487be244d7d664b '   itemscope=\"itemscope\" itemtype=\"https:\/\/schema.org\/CreativeWork\" ><div class='avia_textblock'  itemprop=\"text\" ><p>\u00c0 propos de nous<br \/>\nDepuis la fondation en 1990, les escaliers sont notre passion! En collaboration avec vous, nous planifions, dessinons et r\u00e9alisons vos id\u00e9es d&rsquo;un escalier esth\u00e9tique et fonctionnel. Un d\u00e9partement de vente exp\u00e9riment\u00e9 vous assure und conseil comp\u00e9tent et aimable en toutes les 3 langues nationales. Nos constructuers et nos ing\u00e9nieurs B.T.P. vous proposent en tous les cas des solutions pour un escalier fiable. Notre poduction est en possession de toutes les certifications et qualifications courantes.<br \/>\nNous vous remettons l&rsquo;escalier fini et assembl\u00e9.<br \/>\nNous sommes sp\u00e9cialis\u00e9s pour les escaliers en m\u00e9tal et acier suivantes:<\/p>\n<ul>\n<li>\u00a0escaliers h\u00e9lico\u00efdals<\/li>\n<li>escaliers d\u00e9billard\u00e9s<\/li>\n<li>escaliers droits<\/li>\n<li>escaliers de balcon<\/li>\n<li>escaliers de secours<\/li>\n<li>escaliers de maintenance<\/li>\n<li>escaliers industriels<\/li>\n<li>escaliers d&rsquo;incendie<\/li>\n<li>r\u00e9alisations sp\u00e9ciales<\/li>\n<\/ul>\n<p>Le team de Treptech se r\u00e9jouit d&rsquo;une bonne collaboration avec vous. Vous pouvez compter sur nous!<\/p>\n<\/div><\/section>\n","protected":false},"excerpt":{"rendered":"","protected":false},"author":1,"featured_media":0,"parent":0,"menu_order":0,"comment_status":"closed","ping_status":"closed","template":"","meta":{"footnotes":""},"class_list":["post-49","page","type-page","status-publish","hentry"],"_links":{"self":[{"href":"https:\/\/www.treptech.ch\/fr\/wp-json\/wp\/v2\/pages\/49","targetHints":{"allow":["GET"]}}],"collection":[{"href":"https:\/\/www.treptech.ch\/fr\/wp-json\/wp\/v2\/pages"}],"about":[{"href":"https:\/\/www.treptech.ch\/fr\/wp-json\/wp\/v2\/types\/page"}],"author":[{"embeddable":true,"href":"https:\/\/www.treptech.ch\/fr\/wp-json\/wp\/v2\/users\/1"}],"replies":[{"embeddable":true,"href":"https:\/\/www.treptech.ch\/fr\/wp-json\/wp\/v2\/comments?post=49"}],"version-history":[{"count":4,"href":"https:\/\/www.treptech.ch\/fr\/wp-json\/wp\/v2\/pages\/49\/revisions"}],"predecessor-version":[{"id":267,"href":"https:\/\/www.treptech.ch\/fr\/wp-json\/wp\/v2\/pages\/49\/revisions\/267"}],"wp:attachment":[{"href":"https:\/\/www.treptech.ch\/fr\/wp-json\/wp\/v2\/media?parent=49"}],"curies":[{"name":"wp","href":"https:\/\/api.w.org\/{rel}","templated":true}]}}