{"id":69,"date":"2018-01-30T16:23:21","date_gmt":"2018-01-30T15:23:21","guid":{"rendered":"https:\/\/www.treptech.ch\/?page_id=69"},"modified":"2018-02-02T13:05:14","modified_gmt":"2018-02-02T12:05:14","slug":"references-industrie","status":"publish","type":"page","link":"https:\/\/www.treptech.ch\/fr\/references-industrie\/","title":{"rendered":"R\u00e9f\u00e9rences industrie"},"content":{"rendered":"<p>Sch\u00f6ni Finefood AG Niederbipp &#8211; Liebherr AG Reiden &#8211; Zweifel Pommes Chips AG Spreitenbach &#8211; IKEA AG Spreitenbach &#8211; Flughafen Z\u00fcrich- Denner AG D\u00e4ttwil &#8211; Landi AG Dotzigen \u2013 Energie Solaire SA &#8211; Technique M\u00e9tal S\u00e0rl- SBB Bahnhof Horgen &#8211; Alstom (Schweiz) AG Baden &#8211; Wasserkraftwerk Rheinfelden &#8211; Werkhalle St.Gallen- Bertschi AG &#8211; Hotel Linde Baden- Akademie Frauenspital Luzern &#8211; ABB Turbo System Baden-Wasserwerk Zug AG &#8211; Autoroute A41 Geneve-Glessmann AG Maschinenfabrik R\u00fcthi &#8211; Nussbaum AG Trimbach-Caisse d&rsquo;Epargne CEC La chaux-de-Fonds &#8211; WFM Holding AG Seon &#8211; Bergbahnen Lauterbrunnen &#8211; Betrieb Barmelweid AG Barmelweid &#8211; Schulhaus Leuk &#8211; Ecole Primaire Corin de la crete-Alpenapotheke Bettmeralp \u2013 SIKA Schweiz AG D\u00fcdingen &#8211; Nussbaumer AG Bremgarten &#8211; W\u00fcrth AG St. Gallen &#8211; Zermatt Bergbahnen AG &#8211; Reservoir Poschiavo &#8211; H\u00f6sli Strassenbau AG Glarus<br \/>\netc.<\/p>\n","protected":false},"excerpt":{"rendered":"<p>Sch\u00f6ni Finefood AG Niederbipp &#8211; Liebherr AG Reiden &#8211; Zweifel Pommes Chips AG Spreitenbach &#8211; IKEA AG Spreitenbach &#8211; Flughafen Z\u00fcrich- Denner AG D\u00e4ttwil &#8211; Landi AG Dotzigen \u2013 Energie Solaire SA &#8211; Technique M\u00e9tal S\u00e0rl- SBB Bahnhof Horgen &#8211; Alstom (Schweiz) AG Baden &#8211; Wasserkraftwerk Rheinfelden &#8211; Werkhalle St.Gallen- Bertschi AG &#8211; Hotel Linde [&hellip;]<\/p>\n","protected":false},"author":1,"featured_media":0,"parent":0,"menu_order":0,"comment_status":"closed","ping_status":"closed","template":"","meta":{"footnotes":""},"class_list":["post-69","page","type-page","status-publish","hentry"],"_links":{"self":[{"href":"https:\/\/www.treptech.ch\/fr\/wp-json\/wp\/v2\/pages\/69","targetHints":{"allow":["GET"]}}],"collection":[{"href":"https:\/\/www.treptech.ch\/fr\/wp-json\/wp\/v2\/pages"}],"about":[{"href":"https:\/\/www.treptech.ch\/fr\/wp-json\/wp\/v2\/types\/page"}],"author":[{"embeddable":true,"href":"https:\/\/www.treptech.ch\/fr\/wp-json\/wp\/v2\/users\/1"}],"replies":[{"embeddable":true,"href":"https:\/\/www.treptech.ch\/fr\/wp-json\/wp\/v2\/comments?post=69"}],"version-history":[{"count":5,"href":"https:\/\/www.treptech.ch\/fr\/wp-json\/wp\/v2\/pages\/69\/revisions"}],"predecessor-version":[{"id":252,"href":"https:\/\/www.treptech.ch\/fr\/wp-json\/wp\/v2\/pages\/69\/revisions\/252"}],"wp:attachment":[{"href":"https:\/\/www.treptech.ch\/fr\/wp-json\/wp\/v2\/media?parent=69"}],"curies":[{"name":"wp","href":"https:\/\/api.w.org\/{rel}","templated":true}]}}