{"id":73,"date":"2018-01-30T16:22:30","date_gmt":"2018-01-30T15:22:30","guid":{"rendered":"https:\/\/www.treptech.ch\/?page_id=73"},"modified":"2018-02-02T13:06:50","modified_gmt":"2018-02-02T12:06:50","slug":"references-prive","status":"publish","type":"page","link":"https:\/\/www.treptech.ch\/fr\/references-prive\/","title":{"rendered":"R\u00e9f\u00e9rences priv\u00e9"},"content":{"rendered":"<p>EFH Ryf Weiningen &#8211; EFH Wetter Schleitheim &#8211; Step Evol\u00e8ne Sion- EFH Gangl Ruggell \u2013 MFH Rothenbach Brugg \u2013 EFH Reinthaler Volketswil \u2013 EFH Weingarten Kappel &#8211; EFH Baumgartner Winterthur- EFH Imbach Fischbach- EFH K\u00fcbler Andelfingen- EFH Mayer Les Acacias \u2013 EFH B\u00fcchel Gamprin \u2013 MFH Messer Belp- MFH Hegel Saint-Blaise- EFH Gr\u00fctter H\u00f6ri- EFH M\u00fcller Weiningen- MFH Richter Schellenberg- Le Matheray F\u00e9chy &#8211; EFH Satis Seon- MFH P\u00f6ll Rothenburg- EFH Moos Grossh\u00f6chstetten &#8211; MFH Schwander Zermatt &#8211; MFH Hasli Liegenschaften Olten- EFH Gysin Zuzgen-EFH Lindenb\u00fchl Dietikon- EFH Keller N\u00e4nikon &#8211; MFH Joos Merenschwand &#8211; EFH Fischer Sarmenstorf &#8211; EFH Jakob M\u00fcnchenstein &#8211; EFH Bamert Jonen &#8211; MFH Beck Bendern- EFH Tola Bern &#8211; EFH Straripa Oftringen &#8211; EFH Meyer F\u00fcllinsdorf &#8211; EFH Guibert Villars sous Yens &#8211; EFH Gindac Kloten &#8211; EFH Hofer Jens<br \/>\netc.<\/p>\n","protected":false},"excerpt":{"rendered":"<p>EFH Ryf Weiningen &#8211; EFH Wetter Schleitheim &#8211; Step Evol\u00e8ne Sion- EFH Gangl Ruggell \u2013 MFH Rothenbach Brugg \u2013 EFH Reinthaler Volketswil \u2013 EFH Weingarten Kappel &#8211; EFH Baumgartner Winterthur- EFH Imbach Fischbach- EFH K\u00fcbler Andelfingen- EFH Mayer Les Acacias \u2013 EFH B\u00fcchel Gamprin \u2013 MFH Messer Belp- MFH Hegel Saint-Blaise- EFH Gr\u00fctter H\u00f6ri- EFH [&hellip;]<\/p>\n","protected":false},"author":1,"featured_media":0,"parent":0,"menu_order":0,"comment_status":"closed","ping_status":"closed","template":"","meta":{"footnotes":""},"class_list":["post-73","page","type-page","status-publish","hentry"],"_links":{"self":[{"href":"https:\/\/www.treptech.ch\/fr\/wp-json\/wp\/v2\/pages\/73","targetHints":{"allow":["GET"]}}],"collection":[{"href":"https:\/\/www.treptech.ch\/fr\/wp-json\/wp\/v2\/pages"}],"about":[{"href":"https:\/\/www.treptech.ch\/fr\/wp-json\/wp\/v2\/types\/page"}],"author":[{"embeddable":true,"href":"https:\/\/www.treptech.ch\/fr\/wp-json\/wp\/v2\/users\/1"}],"replies":[{"embeddable":true,"href":"https:\/\/www.treptech.ch\/fr\/wp-json\/wp\/v2\/comments?post=73"}],"version-history":[{"count":6,"href":"https:\/\/www.treptech.ch\/fr\/wp-json\/wp\/v2\/pages\/73\/revisions"}],"predecessor-version":[{"id":255,"href":"https:\/\/www.treptech.ch\/fr\/wp-json\/wp\/v2\/pages\/73\/revisions\/255"}],"wp:attachment":[{"href":"https:\/\/www.treptech.ch\/fr\/wp-json\/wp\/v2\/media?parent=73"}],"curies":[{"name":"wp","href":"https:\/\/api.w.org\/{rel}","templated":true}]}}